{"id":64,"date":"2018-07-02T02:28:50","date_gmt":"2018-07-01T23:28:50","guid":{"rendered":"https:\/\/techaddict.ro\/?page_id=64"},"modified":"2018-07-08T02:53:55","modified_gmt":"2018-07-07T23:53:55","slug":"contact","status":"publish","type":"page","link":"https:\/\/techaddict.ro\/index.php\/contact\/","title":{"rendered":"Contact"},"content":{"rendered":"<p>Dac\u0103 dore\u0219ti s\u0103 aflii mai multe despre noi sau s\u0103 ni te al\u0103turi, nu ezita s\u0103 ne contactezi la<\/p>\n<p><strong>https:\/\/discord.gg\/fQ5MWrA<\/strong><\/p>\n","protected":false},"excerpt":{"rendered":"<p>Dac\u0103 dore\u0219ti s\u0103 aflii mai multe despre noi sau s\u0103 ni te al\u0103turi, nu ezita s\u0103 ne contactezi la https:\/\/discord.gg\/fQ5MWrA<\/p>\n","protected":false},"author":1,"featured_media":0,"parent":0,"menu_order":0,"comment_status":"closed","ping_status":"closed","template":"","meta":{"footnotes":""},"class_list":["post-64","page","type-page","status-publish","hentry","entry-card--text"],"_links":{"self":[{"href":"https:\/\/techaddict.ro\/index.php\/wp-json\/wp\/v2\/pages\/64","targetHints":{"allow":["GET"]}}],"collection":[{"href":"https:\/\/techaddict.ro\/index.php\/wp-json\/wp\/v2\/pages"}],"about":[{"href":"https:\/\/techaddict.ro\/index.php\/wp-json\/wp\/v2\/types\/page"}],"author":[{"embeddable":true,"href":"https:\/\/techaddict.ro\/index.php\/wp-json\/wp\/v2\/users\/1"}],"replies":[{"embeddable":true,"href":"https:\/\/techaddict.ro\/index.php\/wp-json\/wp\/v2\/comments?post=64"}],"version-history":[{"count":5,"href":"https:\/\/techaddict.ro\/index.php\/wp-json\/wp\/v2\/pages\/64\/revisions"}],"predecessor-version":[{"id":81,"href":"https:\/\/techaddict.ro\/index.php\/wp-json\/wp\/v2\/pages\/64\/revisions\/81"}],"wp:attachment":[{"href":"https:\/\/techaddict.ro\/index.php\/wp-json\/wp\/v2\/media?parent=64"}],"curies":[{"name":"wp","href":"https:\/\/api.w.org\/{rel}","templated":true}]}}